{"id":1641,"date":"2022-04-10T18:52:06","date_gmt":"2022-04-10T18:52:06","guid":{"rendered":"http:\/\/www.hetrijndorp.nl\/?page_id=1641"},"modified":"2025-06-08T07:23:56","modified_gmt":"2025-06-08T07:23:56","slug":"over-het-rijndorp","status":"publish","type":"page","link":"https:\/\/www.hetrijndorp.nl\/index.php\/over-het-rijndorp\/","title":{"rendered":"Over het Rijndorp"},"content":{"rendered":"\n<h2 class=\"wp-block-heading\" id=\"over-het-rijndorp\">Over het Rijndorp<\/h2>\n\n\n\n<p class=\"has-colibri-color-6-color has-text-color\"><strong>Snelle navigatie<\/strong><br><a href=\"#over-het-rijndorp\">Over het Rijndorp<\/a><br><a href=\"#doelstellingen\">Doelstellingen<\/a><br><a href=\"#contactgegevens\">Contactgegevens<\/a><br><a href=\"#bestuur\">Bestuur<\/a><br><a href=\"#bankgegevens\">Bankgegevens, KvK en RSIN<\/a><br><a href=\"http:\/\/www.hetrijndorp.nl\/wp-admin\/post.php?post=1641&amp;action=edit#Privacy\">Privacy<\/a><br><a href=\"#statuten-en-beleidsplan\">Statuten en beleidsplan<\/a><\/p>\n\n\n\n<p>Stichting Historisch Genootschap Het Rijndorp is opgericht op 17 december 2021. De stichting is ontstaan vanuit de behoefte om de geschiedenis van het Rijndorp te onderzoeken en door te geven aan volgende generaties. Het Rijndorp wil de verhalen over Katwijk aan den Rijn zo veel mogelijk doorgeven door middel van activiteiten en uitingen in de publieke ruimte. We hebben vooralsnog niet de ambitie om een museum in te richten maar hiervoor openbare plekken te benutten.<\/p>\n\n\n\n<h3 class=\"wp-block-heading\" id=\"doelstellingen\">Doelstellingen<\/h3>\n\n\n\n<p>Het Rijndorp heeft als doel om de kennis over de geschiedenis van Katwijk aan den Rijn te bevorderen. Dit doen we onder andere door het organiseren van activiteiten, door onderzoek te doen nar de geschiedenis van het dorp en door verhalen te delen met de gemeenschap. Ook het aanleggen van een historische collectie behoort to onze doelstellingen. <\/p>\n\n\n\n<p>Het genootschap ambieert geen museum maar zoekt nadrukkelijk de samenwerking met partners uit de dorpskern om de geschiedenis van het Rijndorp uit te dragen. Zo zijn de Roskam en molen de Geregtigheid bereid gevonden om deze locaties beschikbaar te stellen voor (kleine) tentoonstellingen. Op deze manier concentreert het uitdragen van de lokale geschiedenis zich niet op \u00e9\u00e9n plek maar is wordt het ge\u00efntegreerd in de samenleving.<\/p>\n\n\n\n<p>De doelstellingen van Historisch Genootschap Het Rijndorp zijn beschreven in de statuten zoals vastgelegd op 21 december 2021 en de uitwerking hiervan staat beschreven in het beleidsplan 2022-2023 dat is vastgesteld op 12 maart 2022. De statuten en het beleidsplan kunt u onderaan deze pagina raadplegen.<\/p>\n\n\n\n<h3 class=\"wp-block-heading\" id=\"contactgegevens\">Contactgegevens<\/h3>\n\n\n\n<p>Stichting Historisch Genootschap Het Rijndorp<br>Achterweg 18<br>2223 BG Katwijk aan den Rijn<br>email:&nbsp;hetrijndorp(a)gmail.com    <\/p>\n\n\n\n<h3 class=\"wp-block-heading\" id=\"bestuur\">Bestuur<\/h3>\n\n\n\n<p>Het bestuur van Stichting Historisch Genootschap Het Rijndorp bestaat uit de volgende personen:<br><br><strong>Voorzitter<\/strong><br>Mark Ruis<br><br><strong>Secretaris<\/strong><br>Corry van Duijn<br><br><strong>Penningmeester<\/strong><br>Ton Brussee<\/p>\n\n\n\n<h3 class=\"wp-block-heading\" id=\"bankgegevens\">ANBI, bankgegevens, KvK en RSIN<\/h3>\n\n\n\n<h4 class=\"wp-block-heading\">Schenken en ANBI<\/h4>\n\n\n\n<p>Het Rijndorp heeft nu officieel de \u2018ANBI-status\u2019 (zie beschikking onderaan deze pagina) en dat niet alleen als \u2018algemeen nut beogende instelling\u2019, maar ook als \u2018culturele\u2019 ANBI. Dat betekent dat donateurs van Het Rijndorp (als culturele ANBI) een extra belastingvoordeel hebben, omdat voor hen een extra giftenaftrek geldt. Zo mogen particulieren in hun aangifte inkomstenbelasting een gift aan een culturele ANBI vermenigvuldigen met 1,25&nbsp;en als gift aftrekken, terwijl ondernemingen die onder de vennootschapsbelasting vallen, 1,5 keer het bedrag van een dergelijke gift mogen aftrekken in de aangifte vennootschapsbelasting.<\/p>\n\n\n\n<p>Als u wilt controleren of Het Rijndorp daadwerkelijk een ANBI-status heeft, dan kunt u dat doen op de website van de belastingdienst, te weten <a href=\"https:\/\/www.belastingdienst.nl\/wps\/wcm\/connect\/nl\/aftrek-en-kortingen\/content\/anbi-status-controleren\">https:\/\/www.belastingdienst.nl\/wps\/wcm\/connect\/nl\/aftrek-en-kortingen\/content\/anbi-status-controleren<\/a>. Als u daar vervolgens zoekt op &#8216;Het Rijndorp&#8217; met als vestigingsplaats Katwijk, dan krijgt u vervolgens de gegevens van de stichting te zien.<\/p>\n\n\n\n<h4 class=\"wp-block-heading\">Bankrekening<\/h4>\n\n\n\n<p>Rekeningnummer NL75INGB 0675 1844 36<br>Ten name van Stg Historisch Genootschap Het Rijndorp<\/p>\n\n\n\n<h4 class=\"wp-block-heading\">Kamer van Koophandel<\/h4>\n\n\n\n<p>KVK nummer 84808624<\/p>\n\n\n\n<h4 class=\"wp-block-heading\">Rechtspersonen Samenwerkingsverbanden Informatie Nummer<\/h4>\n\n\n\n<p>RSIN 863382241<\/p>\n\n\n\n<h3 class=\"wp-block-heading\" id=\"Privacy\">Privacy<\/h3>\n\n\n\n<h4 class=\"wp-block-heading\"><strong>Persoonsgegevens<\/strong><\/h4>\n\n\n\n<p>Het Rijndorp verwerkt de persoonsgegevens die aan ons verstrekt worden, zoals<\/p>\n\n\n\n<ul class=\"wp-block-list\">\n<li>voor- en achternaam<\/li>\n\n\n\n<li>adresgegevens<\/li>\n\n\n\n<li>telefoonnummer<\/li>\n\n\n\n<li>e-mailadres<\/li>\n\n\n\n<li>overige persoonsgegevens die actief worden verstrekt<\/li>\n\n\n\n<li>bankrekeningnummer<\/li>\n<\/ul>\n\n\n\n<p>De persoonsgegevens worden gebruikt voor:<\/p>\n\n\n\n<ul class=\"wp-block-list\">\n<li>het afhandelen van donaties, giften;<\/li>\n\n\n\n<li>het verzenden van onze nieuwsbrief en\/of andere informatie;<\/li>\n\n\n\n<li>het opnemen van contact voor zover nodig om onze dienstverlening uit te kunnen voeren.<\/li>\n<\/ul>\n\n\n\n<p>Door Het Rijndorp verkregen persoonsgegevens zullen nimmer aan derden ter hand worden gesteld, tenzij om te voldoen aan een wettelijke verplichting.<\/p>\n\n\n\n<h4 class=\"wp-block-heading\"><strong>Verwijderen persoonsgegevens<\/strong><\/h4>\n\n\n\n<p>Indien en voor zover u van mening bent dat door Het Rijndorp ten onrechte persoonsgegevens worden verwerkt en\/of bewaard, neem dan contact met ons op via hetrijndorp(a)gmail.com en dan zullen wij de desbetreffende informatie verwijderen.<\/p>\n\n\n\n<h4 class=\"wp-block-heading\"><strong>Bewaren persoonsgegevens<\/strong><\/h4>\n\n\n\n<p>Het Rijndorp bewaart persoonsgegevens niet langer dan strikt nodig is om de doelen te realiseren waarvoor de gegevens worden verzameld. Na eventuele uitschrijving worden de persoonsgegevens direct verwijderd, met uitzondering van gegevens waarvoor een wettelijke bewaartermijn geldt.<\/p>\n\n\n\n<h4 class=\"wp-block-heading\"><strong>Gegevens inzien, aanpassen of verwijderen<\/strong><\/h4>\n\n\n\n<p>Eenieder heeft het recht om de eigen persoonsgegevens in te zien, te corrigeren of te verwijderen. Daarnaast bestaat het recht om toestemming voor de gegevensverwerking in te trekken of bezwaar te maken tegen de verwerking daarvan<\/p>\n\n\n\n<p>Ter zake kan een verzoek worden gedaan door het zenden van een email dienaangaande naar hetrijndorp(a)gmail.com, welk verzoek vergezeld dient te gaan van een kopie van een geldig identiteitsbewijs (desgewenst pasfoto, bsn e.d. afgeplakt). Desgewenst kan een klacht worden ingediend bij de nationale toezichthouder of de Autoriteit Persoonsgegevens.<\/p>\n\n\n\n<h4 class=\"wp-block-heading\"><strong>Beveiliging persoonsgegevens<\/strong><\/h4>\n\n\n\n<p>Het Rijndorp neemt passende maatregelen om misbruik, verlies, onbevoegde toegang, ongewenste openbaarmaking en ongeoorloofde wijziging tegen te gaan.<\/p>\n\n\n\n<h3 class=\"wp-block-heading\" id=\"statuten-en-beleidsplan\">Statuten, beleidsplan en ANBI<\/h3>\n\n\n\n<h4 class=\"wp-block-heading\">Statuten<\/h4>\n\n\n\n<div data-wp-interactive=\"core\/file\" class=\"wp-block-file\"><object data-wp-bind--hidden=\"!state.hasPdfPreview\" hidden class=\"wp-block-file__embed\" data=\"http:\/\/www.hetrijndorp.nl\/wp-content\/uploads\/2022\/04\/kt-Oprichting-Stichting-Historisch-Genootschap-Het-Rijndorp_1-geconverteerd.pdf\" type=\"application\/pdf\" style=\"width:100%;height:600px\" aria-label=\"Insluiting van kt-Oprichting-Stichting-Historisch-Genootschap-Het-Rijndorp_1-geconverteerd.\"><\/object><a id=\"wp-block-file--media-1d368a0a-ace8-49c5-8082-bea0d305acc4\" href=\"http:\/\/www.hetrijndorp.nl\/wp-content\/uploads\/2022\/04\/kt-Oprichting-Stichting-Historisch-Genootschap-Het-Rijndorp_1-geconverteerd.pdf\">kt-Oprichting-Stichting-Historisch-Genootschap-Het-Rijndorp_1-geconverteerd<\/a><a href=\"http:\/\/www.hetrijndorp.nl\/wp-content\/uploads\/2022\/04\/kt-Oprichting-Stichting-Historisch-Genootschap-Het-Rijndorp_1-geconverteerd.pdf\" class=\"wp-block-file__button wp-element-button\" download aria-describedby=\"wp-block-file--media-1d368a0a-ace8-49c5-8082-bea0d305acc4\">Downloaden<\/a><\/div>\n\n\n\n<h4 class=\"wp-block-heading\">Beleidsplan 2022 &#8211; 2023<\/h4>\n\n\n\n<div data-wp-interactive=\"core\/file\" class=\"wp-block-file\"><object data-wp-bind--hidden=\"!state.hasPdfPreview\" hidden class=\"wp-block-file__embed\" data=\"http:\/\/www.hetrijndorp.nl\/wp-content\/uploads\/2022\/04\/Beleidsplan-2022-2023-DEF.pdf\" type=\"application\/pdf\" style=\"width:100%;height:600px\" aria-label=\"Insluiting van Beleidsplan-2022-2023-DEF.\"><\/object><a id=\"wp-block-file--media-b587bf23-4e9a-4d57-baf4-cc43f47c0844\" href=\"http:\/\/www.hetrijndorp.nl\/wp-content\/uploads\/2022\/04\/Beleidsplan-2022-2023-DEF.pdf\">Beleidsplan-2022-2023-DEF<\/a><a href=\"http:\/\/www.hetrijndorp.nl\/wp-content\/uploads\/2022\/04\/Beleidsplan-2022-2023-DEF.pdf\" class=\"wp-block-file__button wp-element-button\" download aria-describedby=\"wp-block-file--media-b587bf23-4e9a-4d57-baf4-cc43f47c0844\">Downloaden<\/a><\/div>\n\n\n\n<h4 class=\"wp-block-heading\">ANBI beschikking<\/h4>\n\n\n\n<div data-wp-interactive=\"core\/file\" class=\"wp-block-file\"><object data-wp-bind--hidden=\"!state.hasPdfPreview\" hidden class=\"wp-block-file__embed\" data=\"http:\/\/www.hetrijndorp.nl\/wp-content\/uploads\/2022\/05\/ANBI-status-Het-Rijndorp.pdf\" type=\"application\/pdf\" style=\"width:100%;height:600px\" aria-label=\"Insluiting van ANBI status Het Rijndorp.\"><\/object><a id=\"wp-block-file--media-14d5369f-5266-4e82-a8c0-19e479d5cbe0\" href=\"http:\/\/www.hetrijndorp.nl\/wp-content\/uploads\/2022\/05\/ANBI-status-Het-Rijndorp.pdf\">ANBI status Het Rijndorp<\/a><a href=\"http:\/\/www.hetrijndorp.nl\/wp-content\/uploads\/2022\/05\/ANBI-status-Het-Rijndorp.pdf\" class=\"wp-block-file__button wp-element-button\" download aria-describedby=\"wp-block-file--media-14d5369f-5266-4e82-a8c0-19e479d5cbe0\">Downloaden<\/a><\/div>\n\n\n\n<h4 class=\"wp-block-heading\">Jaarverslag 2024<\/h4>\n\n\n\n<div data-wp-interactive=\"core\/file\" class=\"wp-block-file\"><object data-wp-bind--hidden=\"!state.hasPdfPreview\" hidden class=\"wp-block-file__embed\" data=\"https:\/\/www.hetrijndorp.nl\/wp-content\/uploads\/2025\/06\/Jaarverslag-2024.pdf\" type=\"application\/pdf\" style=\"width:100%;height:600px\" aria-label=\"Insluiting van Jaarverslag 2024.\"><\/object><a id=\"wp-block-file--media-9f58454f-f035-40a6-8a5c-a600a173dd92\" href=\"https:\/\/www.hetrijndorp.nl\/wp-content\/uploads\/2025\/06\/Jaarverslag-2024.pdf\">Jaarverslag 2024<\/a><a href=\"https:\/\/www.hetrijndorp.nl\/wp-content\/uploads\/2025\/06\/Jaarverslag-2024.pdf\" class=\"wp-block-file__button wp-element-button\" download aria-describedby=\"wp-block-file--media-9f58454f-f035-40a6-8a5c-a600a173dd92\">Downloaden<\/a><\/div>\n","protected":false},"excerpt":{"rendered":"<p>Over het Rijndorp Snelle navigatieOver het RijndorpDoelstellingenContactgegevensBestuurBankgegevens, KvK en RSINPrivacyStatuten en beleidsplan Stichting Historisch Genootschap Het Rijndorp is opgericht op 17 december 2021. De stichting is ontstaan vanuit de behoefte om de geschiedenis van het Rijndorp te onderzoeken en door te geven aan volgende generaties. Het Rijndorp wil de verhalen over Katwijk aan den Rijn [&hellip;]<\/p>\n","protected":false},"author":1,"featured_media":0,"parent":0,"menu_order":0,"comment_status":"closed","ping_status":"closed","template":"","meta":{"_eb_attr":"","postBodyCss":"","postBodyMargin":[],"postBodyPadding":[],"postBodyBackground":{"backgroundType":"classic","gradient":""},"footnotes":""},"class_list":["post-1641","page","type-page","status-publish","hentry"],"jetpack_sharing_enabled":true,"_links":{"self":[{"href":"https:\/\/www.hetrijndorp.nl\/index.php\/wp-json\/wp\/v2\/pages\/1641","targetHints":{"allow":["GET"]}}],"collection":[{"href":"https:\/\/www.hetrijndorp.nl\/index.php\/wp-json\/wp\/v2\/pages"}],"about":[{"href":"https:\/\/www.hetrijndorp.nl\/index.php\/wp-json\/wp\/v2\/types\/page"}],"author":[{"embeddable":true,"href":"https:\/\/www.hetrijndorp.nl\/index.php\/wp-json\/wp\/v2\/users\/1"}],"replies":[{"embeddable":true,"href":"https:\/\/www.hetrijndorp.nl\/index.php\/wp-json\/wp\/v2\/comments?post=1641"}],"version-history":[{"count":5,"href":"https:\/\/www.hetrijndorp.nl\/index.php\/wp-json\/wp\/v2\/pages\/1641\/revisions"}],"predecessor-version":[{"id":3460,"href":"https:\/\/www.hetrijndorp.nl\/index.php\/wp-json\/wp\/v2\/pages\/1641\/revisions\/3460"}],"wp:attachment":[{"href":"https:\/\/www.hetrijndorp.nl\/index.php\/wp-json\/wp\/v2\/media?parent=1641"}],"curies":[{"name":"wp","href":"https:\/\/api.w.org\/{rel}","templated":true}]}}